{"id":2771,"date":"2016-11-03T10:29:33","date_gmt":"2016-11-03T09:29:33","guid":{"rendered":"http:\/\/localhost:8888\/startright\/?page_id=377"},"modified":"2020-03-11T13:21:57","modified_gmt":"2020-03-11T12:21:57","slug":"oddzialy","status":"publish","type":"page","link":"https:\/\/kancelariaubezpieczen.eu\/index.php\/oddzialy\/","title":{"rendered":"Oddzia\u0142y"},"content":{"rendered":"\t\t<div data-elementor-type=\"wp-post\" data-elementor-id=\"2771\" class=\"elementor elementor-2771\">\n\t\t\t\t\t\t<section class=\"has_eae_slider elementor-section elementor-top-section elementor-element elementor-element-e4e732a elementor-section-boxed elementor-section-height-default elementor-section-height-default\" data-eae-slider=\"18634\" data-id=\"e4e732a\" data-element_type=\"section\">\n\t\t\t\t\t\t<div class=\"elementor-container elementor-column-gap-default\">\n\t\t\t\t\t<div class=\"has_eae_slider elementor-column elementor-col-100 elementor-top-column elementor-element elementor-element-87a3f03\" data-eae-slider=\"50454\" data-id=\"87a3f03\" data-element_type=\"column\">\n\t\t\t<div class=\"elementor-widget-wrap elementor-element-populated\">\n\t\t\t\t\t\t<div class=\"elementor-element elementor-element-1ed3a1b elementor-widget elementor-widget-heading\" data-id=\"1ed3a1b\" data-element_type=\"widget\" data-widget_type=\"heading.default\">\n\t\t\t\t<div class=\"elementor-widget-container\">\n\t\t\t\t\t<h2 class=\"elementor-heading-title elementor-size-default\">DZIA\u0141AM na terenie \u015al\u0105ska Cieszy\u0144skiego i \u017bywiecczyzny.<\/h2>\t\t\t\t<\/div>\n\t\t\t\t<\/div>\n\t\t\t\t<div class=\"elementor-element elementor-element-39723a4c elementor-widget elementor-widget-wts-splittext\" data-id=\"39723a4c\" data-element_type=\"widget\" data-widget_type=\"wts-splittext.default\">\n\t\t\t\t<div class=\"elementor-widget-container\">\n\t\t\t\t\t\t\t\t<div id=\"eae-at-39723a4c\" class=\"eae-st-transform-text-wrapper\">\n\t\t\t\t<div class=\"eae-st-transform-text eae-text-align-center\">\n\t\t\t\t\t\t\t\t\t\t\t<h3 class=\"eae-st-transform-text-title\"><div class=\"eae-st-split-text\">CIESZYN     -&nbsp;<\/div><div class=\"eae-st-rest-text\">SIEDZIBA G\u0141\u00d3WNA<\/div><\/h3>\t\t\t\t\t\t\t\t\t<\/div>\n\t\t\t<\/div>\n\t\t\t\t\t\t<\/div>\n\t\t\t\t<\/div>\n\t\t\t\t<div class=\"elementor-element elementor-element-670721d elementor-button-info elementor-align-center elementor-widget elementor-widget-button\" data-id=\"670721d\" data-element_type=\"widget\" data-widget_type=\"button.default\">\n\t\t\t\t<div class=\"elementor-widget-container\">\n\t\t\t\t\t\t\t\t\t<div class=\"elementor-button-wrapper\">\n\t\t\t\t\t<a class=\"elementor-button elementor-size-xs\" role=\"button\">\n\t\t\t\t\t\t<span class=\"elementor-button-content-wrapper\">\n\t\t\t\t\t\t<span class=\"elementor-button-icon\">\n\t\t\t\t<i aria-hidden=\"true\" class=\"fas fa-envelope\"><\/i>\t\t\t<\/span>\n\t\t\t\t\t\t\t\t\t<span class=\"elementor-button-text\"><a href=\"mailto:cieszyn@kancelariaubezpieczen.eu\">cieszyn@kancelariaubezpieczen.eu<\/a><\/span>\n\t\t\t\t\t<\/span>\n\t\t\t\t\t<\/a>\n\t\t\t\t<\/div>\n\t\t\t\t\t\t\t\t<\/div>\n\t\t\t\t<\/div>\n\t\t\t\t<div class=\"elementor-element elementor-element-5231bc3 elementor-button-info elementor-align-center elementor-widget elementor-widget-button\" data-id=\"5231bc3\" data-element_type=\"widget\" data-widget_type=\"button.default\">\n\t\t\t\t<div class=\"elementor-widget-container\">\n\t\t\t\t\t\t\t\t\t<div class=\"elementor-button-wrapper\">\n\t\t\t\t\t<a class=\"elementor-button elementor-size-xs\" role=\"button\">\n\t\t\t\t\t\t<span class=\"elementor-button-content-wrapper\">\n\t\t\t\t\t\t<span class=\"elementor-button-icon\">\n\t\t\t\t<i aria-hidden=\"true\" class=\"fas fa-phone\"><\/i>\t\t\t<\/span>\n\t\t\t\t\t\t\t\t\t<span class=\"elementor-button-text\"><a href=\"tel:338520485\">33 852 04 85<\/a><\/span>\n\t\t\t\t\t<\/span>\n\t\t\t\t\t<\/a>\n\t\t\t\t<\/div>\n\t\t\t\t\t\t\t\t<\/div>\n\t\t\t\t<\/div>\n\t\t\t\t<div class=\"elementor-element elementor-element-e8c5787 elementor-button-info elementor-align-center elementor-widget elementor-widget-button\" data-id=\"e8c5787\" data-element_type=\"widget\" data-widget_type=\"button.default\">\n\t\t\t\t<div class=\"elementor-widget-container\">\n\t\t\t\t\t\t\t\t\t<div class=\"elementor-button-wrapper\">\n\t\t\t\t\t<a class=\"elementor-button elementor-size-xs\" role=\"button\">\n\t\t\t\t\t\t<span class=\"elementor-button-content-wrapper\">\n\t\t\t\t\t\t<span class=\"elementor-button-icon\">\n\t\t\t\t<i aria-hidden=\"true\" class=\"fas fa-mobile-alt\"><\/i>\t\t\t<\/span>\n\t\t\t\t\t\t\t\t\t<span class=\"elementor-button-text\"><a href=\"tel:+48 604 087 882\">+ 48 604 087 882<\/a><\/span>\n\t\t\t\t\t<\/span>\n\t\t\t\t\t<\/a>\n\t\t\t\t<\/div>\n\t\t\t\t\t\t\t\t<\/div>\n\t\t\t\t<\/div>\n\t\t\t\t<div class=\"elementor-element elementor-element-370386b7 elementor-widget elementor-widget-google_maps\" data-id=\"370386b7\" data-element_type=\"widget\" data-widget_type=\"google_maps.default\">\n\t\t\t\t<div class=\"elementor-widget-container\">\n\t\t\t\t\t\t\t<div class=\"elementor-custom-embed\">\n\t\t\t<iframe loading=\"lazy\"\n\t\t\t\t\tsrc=\"https:\/\/maps.google.com\/maps?q=43-400%20Cieszyn%2C%20ul.%20Pl.%20Stary%20targ%202&#038;t=m&#038;z=10&#038;output=embed&#038;iwloc=near\"\n\t\t\t\t\ttitle=\"43-400 Cieszyn, ul. Pl. Stary targ 2\"\n\t\t\t\t\taria-label=\"43-400 Cieszyn, ul. Pl. Stary targ 2\"\n\t\t\t><\/iframe>\n\t\t<\/div>\n\t\t\t\t\t\t<\/div>\n\t\t\t\t<\/div>\n\t\t\t\t\t<\/div>\n\t\t<\/div>\n\t\t\t\t\t<\/div>\n\t\t<\/section>\n\t\t\t\t<section class=\"has_eae_slider elementor-section elementor-top-section elementor-element elementor-element-4d10d7b elementor-section-boxed elementor-section-height-default elementor-section-height-default\" data-eae-slider=\"54011\" data-id=\"4d10d7b\" data-element_type=\"section\">\n\t\t\t\t\t\t<div class=\"elementor-container elementor-column-gap-default\">\n\t\t\t\t\t<div class=\"has_eae_slider elementor-column elementor-col-100 elementor-top-column elementor-element elementor-element-0aa5ff6\" data-eae-slider=\"88097\" data-id=\"0aa5ff6\" data-element_type=\"column\">\n\t\t\t<div class=\"elementor-widget-wrap elementor-element-populated\">\n\t\t\t\t\t\t<div class=\"elementor-element elementor-element-9a7c85f elementor-widget elementor-widget-wts-splittext\" data-id=\"9a7c85f\" data-element_type=\"widget\" data-widget_type=\"wts-splittext.default\">\n\t\t\t\t<div class=\"elementor-widget-container\">\n\t\t\t\t\t\t\t\t<div id=\"eae-at-9a7c85f\" class=\"eae-st-transform-text-wrapper\">\n\t\t\t\t<div class=\"eae-st-transform-text eae-text-align-center\">\n\t\t\t\t\t\t\t\t\t\t\t<h3 class=\"eae-st-transform-text-title\"><div class=\"eae-st-split-text\">WIS\u0141A     -&nbsp;<\/div><div class=\"eae-st-rest-text\">ODDZIA\u0141<\/div><\/h3>\t\t\t\t\t\t\t\t\t<\/div>\n\t\t\t<\/div>\n\t\t\t\t\t\t<\/div>\n\t\t\t\t<\/div>\n\t\t\t\t<div class=\"elementor-element elementor-element-5366bf8 elementor-button-info elementor-align-center elementor-widget elementor-widget-button\" data-id=\"5366bf8\" data-element_type=\"widget\" data-widget_type=\"button.default\">\n\t\t\t\t<div class=\"elementor-widget-container\">\n\t\t\t\t\t\t\t\t\t<div class=\"elementor-button-wrapper\">\n\t\t\t\t\t<a class=\"elementor-button elementor-size-xs\" role=\"button\">\n\t\t\t\t\t\t<span class=\"elementor-button-content-wrapper\">\n\t\t\t\t\t\t<span class=\"elementor-button-icon\">\n\t\t\t\t<i aria-hidden=\"true\" class=\"fas fa-envelope\"><\/i>\t\t\t<\/span>\n\t\t\t\t\t\t\t\t\t<span class=\"elementor-button-text\"><a href=\"mailto:wisla@kancelariaubezpieczen.eu\">wisla@kancelariaubezpieczen.eu<\/a><\/span>\n\t\t\t\t\t<\/span>\n\t\t\t\t\t<\/a>\n\t\t\t\t<\/div>\n\t\t\t\t\t\t\t\t<\/div>\n\t\t\t\t<\/div>\n\t\t\t\t<div class=\"elementor-element elementor-element-b31db45 elementor-button-info elementor-align-center elementor-widget elementor-widget-button\" data-id=\"b31db45\" data-element_type=\"widget\" data-widget_type=\"button.default\">\n\t\t\t\t<div class=\"elementor-widget-container\">\n\t\t\t\t\t\t\t\t\t<div class=\"elementor-button-wrapper\">\n\t\t\t\t\t<a class=\"elementor-button elementor-size-xs\" role=\"button\">\n\t\t\t\t\t\t<span class=\"elementor-button-content-wrapper\">\n\t\t\t\t\t\t<span class=\"elementor-button-icon\">\n\t\t\t\t<i aria-hidden=\"true\" class=\"fas fa-mobile-alt\"><\/i>\t\t\t<\/span>\n\t\t\t\t\t\t\t\t\t<span class=\"elementor-button-text\"><a href=\"tel:+48 604 087 882\">+ 48 604 087 882<\/a><\/span>\n\t\t\t\t\t<\/span>\n\t\t\t\t\t<\/a>\n\t\t\t\t<\/div>\n\t\t\t\t\t\t\t\t<\/div>\n\t\t\t\t<\/div>\n\t\t\t\t<div class=\"elementor-element elementor-element-bd0709c elementor-widget elementor-widget-google_maps\" data-id=\"bd0709c\" data-element_type=\"widget\" data-widget_type=\"google_maps.default\">\n\t\t\t\t<div class=\"elementor-widget-container\">\n\t\t\t\t\t\t\t<div class=\"elementor-custom-embed\">\n\t\t\t<iframe loading=\"lazy\"\n\t\t\t\t\tsrc=\"https:\/\/maps.google.com\/maps?q=ul.%201%20Maja%2023%2023a%20Wis%C5%82a&#038;t=m&#038;z=10&#038;output=embed&#038;iwloc=near\"\n\t\t\t\t\ttitle=\"ul. 1 Maja 23 23a Wis\u0142a\"\n\t\t\t\t\taria-label=\"ul. 1 Maja 23 23a Wis\u0142a\"\n\t\t\t><\/iframe>\n\t\t<\/div>\n\t\t\t\t\t\t<\/div>\n\t\t\t\t<\/div>\n\t\t\t\t\t<\/div>\n\t\t<\/div>\n\t\t\t\t\t<\/div>\n\t\t<\/section>\n\t\t\t\t<section class=\"has_eae_slider elementor-section elementor-top-section elementor-element elementor-element-d8ecdfa elementor-section-stretched elementor-section-full_width elementor-section-height-default elementor-section-height-default\" data-eae-slider=\"46568\" data-id=\"d8ecdfa\" data-element_type=\"section\" data-settings=\"{&quot;stretch_section&quot;:&quot;section-stretched&quot;}\">\n\t\t\t\t\t\t<div class=\"elementor-container elementor-column-gap-default\">\n\t\t\t\t\t<div class=\"has_eae_slider elementor-column elementor-col-100 elementor-top-column elementor-element elementor-element-5f5f20e\" data-eae-slider=\"56281\" data-id=\"5f5f20e\" data-element_type=\"column\">\n\t\t\t<div class=\"elementor-widget-wrap elementor-element-populated\">\n\t\t\t\t\t\t<div class=\"elementor-element elementor-element-2b92367 elementor-widget elementor-widget-wts-splittext\" data-id=\"2b92367\" data-element_type=\"widget\" data-widget_type=\"wts-splittext.default\">\n\t\t\t\t<div class=\"elementor-widget-container\">\n\t\t\t\t\t\t\t\t<div id=\"eae-at-2b92367\" class=\"eae-st-transform-text-wrapper\">\n\t\t\t\t<div class=\"eae-st-transform-text eae-text-align-center\">\n\t\t\t\t\t\t\t\t\t\t\t<h3 class=\"eae-st-transform-text-title\"><div class=\"eae-st-split-text\">\u017bYWIEC     -&nbsp;<\/div><div class=\"eae-st-rest-text\">ODDZIA\u0141<\/div><\/h3>\t\t\t\t\t\t\t\t\t<\/div>\n\t\t\t<\/div>\n\t\t\t\t\t\t<\/div>\n\t\t\t\t<\/div>\n\t\t\t\t<div class=\"elementor-element elementor-element-b369a75 elementor-button-info elementor-align-center elementor-widget elementor-widget-button\" data-id=\"b369a75\" data-element_type=\"widget\" data-widget_type=\"button.default\">\n\t\t\t\t<div class=\"elementor-widget-container\">\n\t\t\t\t\t\t\t\t\t<div class=\"elementor-button-wrapper\">\n\t\t\t\t\t<a class=\"elementor-button elementor-size-xs\" role=\"button\">\n\t\t\t\t\t\t<span class=\"elementor-button-content-wrapper\">\n\t\t\t\t\t\t<span class=\"elementor-button-icon\">\n\t\t\t\t<i aria-hidden=\"true\" class=\"fas fa-envelope\"><\/i>\t\t\t<\/span>\n\t\t\t\t\t\t\t\t\t<span class=\"elementor-button-text\"><a href=\"mailto:zywiec@kancelariaubezpieczen.eu\">zywiec@kancelariaubezpieczen.eu<\/a><\/span>\n\t\t\t\t\t<\/span>\n\t\t\t\t\t<\/a>\n\t\t\t\t<\/div>\n\t\t\t\t\t\t\t\t<\/div>\n\t\t\t\t<\/div>\n\t\t\t\t<div class=\"elementor-element elementor-element-978b1d3 elementor-button-info elementor-align-center elementor-widget elementor-widget-button\" data-id=\"978b1d3\" data-element_type=\"widget\" data-widget_type=\"button.default\">\n\t\t\t\t<div class=\"elementor-widget-container\">\n\t\t\t\t\t\t\t\t\t<div class=\"elementor-button-wrapper\">\n\t\t\t\t\t<a class=\"elementor-button elementor-size-xs\" role=\"button\">\n\t\t\t\t\t\t<span class=\"elementor-button-content-wrapper\">\n\t\t\t\t\t\t<span class=\"elementor-button-icon\">\n\t\t\t\t<i aria-hidden=\"true\" class=\"fas fa-mobile-alt\"><\/i>\t\t\t<\/span>\n\t\t\t\t\t\t\t\t\t<span class=\"elementor-button-text\"><a href=\"tel:+48 604 087 882\">+ 48 604 087 882<\/a><\/span>\n\t\t\t\t\t<\/span>\n\t\t\t\t\t<\/a>\n\t\t\t\t<\/div>\n\t\t\t\t\t\t\t\t<\/div>\n\t\t\t\t<\/div>\n\t\t\t\t<div class=\"elementor-element elementor-element-e023290 elementor-button-info elementor-align-center elementor-widget elementor-widget-button\" data-id=\"e023290\" data-element_type=\"widget\" data-widget_type=\"button.default\">\n\t\t\t\t<div class=\"elementor-widget-container\">\n\t\t\t\t\t\t\t\t\t<div class=\"elementor-button-wrapper\">\n\t\t\t\t\t<a class=\"elementor-button elementor-size-sm\" role=\"button\">\n\t\t\t\t\t\t<span class=\"elementor-button-content-wrapper\">\n\t\t\t\t\t\t<span class=\"elementor-button-icon\">\n\t\t\t\t<i aria-hidden=\"true\" class=\"fas fa-info-circle\"><\/i>\t\t\t<\/span>\n\t\t\t\t\t\t\t\t\t<span class=\"elementor-button-text\">Czynne w wybrane dni i godziny<\/span>\n\t\t\t\t\t<\/span>\n\t\t\t\t\t<\/a>\n\t\t\t\t<\/div>\n\t\t\t\t\t\t\t\t<\/div>\n\t\t\t\t<\/div>\n\t\t\t\t\t<\/div>\n\t\t<\/div>\n\t\t\t\t\t<\/div>\n\t\t<\/section>\n\t\t\t\t<\/div>\n\t\t","protected":false},"excerpt":{"rendered":"<p>DZIA\u0141AM na terenie \u015al\u0105ska Cieszy\u0144skiego i \u017bywiecczyzny. CIESZYN &#8211;&nbsp;SIEDZIBA G\u0141\u00d3WNA cieszyn@kancelariaubezpieczen.eu 33 852 04 85 + 48 604 087 882 WIS\u0141A &#8211;&nbsp;ODDZIA\u0141 wisla@kancelariaubezpieczen.eu + 48 604 087 882 \u017bYWIEC &#8211;&nbsp;ODDZIA\u0141 zywiec@kancelariaubezpieczen.eu + 48 604 087 882 Czynne w wybrane dni i godziny<\/p>\n","protected":false},"author":1,"featured_media":0,"parent":0,"menu_order":0,"comment_status":"closed","ping_status":"closed","template":"page-full-width.php","meta":{"footnotes":""},"class_list":["post-2771","page","type-page","status-publish","hentry"],"yoast_head":"<!-- This site is optimized with the Yoast SEO plugin v26.5 - https:\/\/yoast.com\/wordpress\/plugins\/seo\/ -->\n<title>Oddzia\u0142y - Kancelaria Ubezpiecze\u0144 Dominika Gaw\u0142owska<\/title>\n<meta name=\"robots\" content=\"index, follow, max-snippet:-1, max-image-preview:large, max-video-preview:-1\" \/>\n<link rel=\"canonical\" href=\"https:\/\/kancelariaubezpieczen.eu\/index.php\/oddzialy\/\" \/>\n<meta property=\"og:locale\" content=\"pl_PL\" \/>\n<meta property=\"og:type\" content=\"article\" \/>\n<meta property=\"og:title\" content=\"Oddzia\u0142y - Kancelaria Ubezpiecze\u0144 Dominika Gaw\u0142owska\" \/>\n<meta property=\"og:description\" content=\"DZIA\u0141AM na terenie \u015al\u0105ska Cieszy\u0144skiego i \u017bywiecczyzny. CIESZYN &#8211;&nbsp;SIEDZIBA G\u0141\u00d3WNA cieszyn@kancelariaubezpieczen.eu 33 852 04 85 + 48 604 087 882 WIS\u0141A &#8211;&nbsp;ODDZIA\u0141 wisla@kancelariaubezpieczen.eu + 48 604 087 882 \u017bYWIEC &#8211;&nbsp;ODDZIA\u0141 zywiec@kancelariaubezpieczen.eu + 48 604 087 882 Czynne w wybrane dni i godziny\" \/>\n<meta property=\"og:url\" content=\"https:\/\/kancelariaubezpieczen.eu\/index.php\/oddzialy\/\" \/>\n<meta property=\"og:site_name\" content=\"Kancelaria Ubezpiecze\u0144 Dominika Gaw\u0142owska\" \/>\n<meta property=\"article:modified_time\" content=\"2020-03-11T12:21:57+00:00\" \/>\n<meta name=\"twitter:card\" content=\"summary_large_image\" \/>\n<script type=\"application\/ld+json\" class=\"yoast-schema-graph\">{\"@context\":\"https:\/\/schema.org\",\"@graph\":[{\"@type\":\"WebPage\",\"@id\":\"https:\/\/kancelariaubezpieczen.eu\/index.php\/oddzialy\/\",\"url\":\"https:\/\/kancelariaubezpieczen.eu\/index.php\/oddzialy\/\",\"name\":\"Oddzia\u0142y - Kancelaria Ubezpiecze\u0144 Dominika Gaw\u0142owska\",\"isPartOf\":{\"@id\":\"https:\/\/kancelariaubezpieczen.eu\/#website\"},\"datePublished\":\"2016-11-03T09:29:33+00:00\",\"dateModified\":\"2020-03-11T12:21:57+00:00\",\"breadcrumb\":{\"@id\":\"https:\/\/kancelariaubezpieczen.eu\/index.php\/oddzialy\/#breadcrumb\"},\"inLanguage\":\"pl-PL\",\"potentialAction\":[{\"@type\":\"ReadAction\",\"target\":[\"https:\/\/kancelariaubezpieczen.eu\/index.php\/oddzialy\/\"]}]},{\"@type\":\"BreadcrumbList\",\"@id\":\"https:\/\/kancelariaubezpieczen.eu\/index.php\/oddzialy\/#breadcrumb\",\"itemListElement\":[{\"@type\":\"ListItem\",\"position\":1,\"name\":\"Strona g\u0142\u00f3wna\",\"item\":\"https:\/\/kancelariaubezpieczen.eu\/\"},{\"@type\":\"ListItem\",\"position\":2,\"name\":\"Oddzia\u0142y\"}]},{\"@type\":\"WebSite\",\"@id\":\"https:\/\/kancelariaubezpieczen.eu\/#website\",\"url\":\"https:\/\/kancelariaubezpieczen.eu\/\",\"name\":\"Kancelaria Ubezpiecze\u0144 Dominika Gaw\u0142owska\",\"description\":\"Ubezpieczenia i kredyty Cieszyn :: \u017bywiec :: Wis\u0142a\",\"publisher\":{\"@id\":\"https:\/\/kancelariaubezpieczen.eu\/#organization\"},\"potentialAction\":[{\"@type\":\"SearchAction\",\"target\":{\"@type\":\"EntryPoint\",\"urlTemplate\":\"https:\/\/kancelariaubezpieczen.eu\/?s={search_term_string}\"},\"query-input\":{\"@type\":\"PropertyValueSpecification\",\"valueRequired\":true,\"valueName\":\"search_term_string\"}}],\"inLanguage\":\"pl-PL\"},{\"@type\":\"Organization\",\"@id\":\"https:\/\/kancelariaubezpieczen.eu\/#organization\",\"name\":\"Kancelaria Ubezpiecze\u0144 Dominika Gaw\u0142owska\",\"url\":\"https:\/\/kancelariaubezpieczen.eu\/\",\"logo\":{\"@type\":\"ImageObject\",\"inLanguage\":\"pl-PL\",\"@id\":\"https:\/\/kancelariaubezpieczen.eu\/#\/schema\/logo\/image\/\",\"url\":\"https:\/\/kancelariaubezpieczen.eu\/wp-content\/uploads\/2019\/05\/kancelaria-ubezpieczen-logo.png\",\"contentUrl\":\"https:\/\/kancelariaubezpieczen.eu\/wp-content\/uploads\/2019\/05\/kancelaria-ubezpieczen-logo.png\",\"width\":369,\"height\":85,\"caption\":\"Kancelaria Ubezpiecze\u0144 Dominika Gaw\u0142owska\"},\"image\":{\"@id\":\"https:\/\/kancelariaubezpieczen.eu\/#\/schema\/logo\/image\/\"}}]}<\/script>\n<!-- \/ Yoast SEO plugin. -->","yoast_head_json":{"title":"Oddzia\u0142y - Kancelaria Ubezpiecze\u0144 Dominika Gaw\u0142owska","robots":{"index":"index","follow":"follow","max-snippet":"max-snippet:-1","max-image-preview":"max-image-preview:large","max-video-preview":"max-video-preview:-1"},"canonical":"https:\/\/kancelariaubezpieczen.eu\/index.php\/oddzialy\/","og_locale":"pl_PL","og_type":"article","og_title":"Oddzia\u0142y - Kancelaria Ubezpiecze\u0144 Dominika Gaw\u0142owska","og_description":"DZIA\u0141AM na terenie \u015al\u0105ska Cieszy\u0144skiego i \u017bywiecczyzny. CIESZYN &#8211;&nbsp;SIEDZIBA G\u0141\u00d3WNA cieszyn@kancelariaubezpieczen.eu 33 852 04 85 + 48 604 087 882 WIS\u0141A &#8211;&nbsp;ODDZIA\u0141 wisla@kancelariaubezpieczen.eu + 48 604 087 882 \u017bYWIEC &#8211;&nbsp;ODDZIA\u0141 zywiec@kancelariaubezpieczen.eu + 48 604 087 882 Czynne w wybrane dni i godziny","og_url":"https:\/\/kancelariaubezpieczen.eu\/index.php\/oddzialy\/","og_site_name":"Kancelaria Ubezpiecze\u0144 Dominika Gaw\u0142owska","article_modified_time":"2020-03-11T12:21:57+00:00","twitter_card":"summary_large_image","schema":{"@context":"https:\/\/schema.org","@graph":[{"@type":"WebPage","@id":"https:\/\/kancelariaubezpieczen.eu\/index.php\/oddzialy\/","url":"https:\/\/kancelariaubezpieczen.eu\/index.php\/oddzialy\/","name":"Oddzia\u0142y - Kancelaria Ubezpiecze\u0144 Dominika Gaw\u0142owska","isPartOf":{"@id":"https:\/\/kancelariaubezpieczen.eu\/#website"},"datePublished":"2016-11-03T09:29:33+00:00","dateModified":"2020-03-11T12:21:57+00:00","breadcrumb":{"@id":"https:\/\/kancelariaubezpieczen.eu\/index.php\/oddzialy\/#breadcrumb"},"inLanguage":"pl-PL","potentialAction":[{"@type":"ReadAction","target":["https:\/\/kancelariaubezpieczen.eu\/index.php\/oddzialy\/"]}]},{"@type":"BreadcrumbList","@id":"https:\/\/kancelariaubezpieczen.eu\/index.php\/oddzialy\/#breadcrumb","itemListElement":[{"@type":"ListItem","position":1,"name":"Strona g\u0142\u00f3wna","item":"https:\/\/kancelariaubezpieczen.eu\/"},{"@type":"ListItem","position":2,"name":"Oddzia\u0142y"}]},{"@type":"WebSite","@id":"https:\/\/kancelariaubezpieczen.eu\/#website","url":"https:\/\/kancelariaubezpieczen.eu\/","name":"Kancelaria Ubezpiecze\u0144 Dominika Gaw\u0142owska","description":"Ubezpieczenia i kredyty Cieszyn :: \u017bywiec :: Wis\u0142a","publisher":{"@id":"https:\/\/kancelariaubezpieczen.eu\/#organization"},"potentialAction":[{"@type":"SearchAction","target":{"@type":"EntryPoint","urlTemplate":"https:\/\/kancelariaubezpieczen.eu\/?s={search_term_string}"},"query-input":{"@type":"PropertyValueSpecification","valueRequired":true,"valueName":"search_term_string"}}],"inLanguage":"pl-PL"},{"@type":"Organization","@id":"https:\/\/kancelariaubezpieczen.eu\/#organization","name":"Kancelaria Ubezpiecze\u0144 Dominika Gaw\u0142owska","url":"https:\/\/kancelariaubezpieczen.eu\/","logo":{"@type":"ImageObject","inLanguage":"pl-PL","@id":"https:\/\/kancelariaubezpieczen.eu\/#\/schema\/logo\/image\/","url":"https:\/\/kancelariaubezpieczen.eu\/wp-content\/uploads\/2019\/05\/kancelaria-ubezpieczen-logo.png","contentUrl":"https:\/\/kancelariaubezpieczen.eu\/wp-content\/uploads\/2019\/05\/kancelaria-ubezpieczen-logo.png","width":369,"height":85,"caption":"Kancelaria Ubezpiecze\u0144 Dominika Gaw\u0142owska"},"image":{"@id":"https:\/\/kancelariaubezpieczen.eu\/#\/schema\/logo\/image\/"}}]}},"_links":{"self":[{"href":"https:\/\/kancelariaubezpieczen.eu\/index.php\/wp-json\/wp\/v2\/pages\/2771","targetHints":{"allow":["GET"]}}],"collection":[{"href":"https:\/\/kancelariaubezpieczen.eu\/index.php\/wp-json\/wp\/v2\/pages"}],"about":[{"href":"https:\/\/kancelariaubezpieczen.eu\/index.php\/wp-json\/wp\/v2\/types\/page"}],"author":[{"embeddable":true,"href":"https:\/\/kancelariaubezpieczen.eu\/index.php\/wp-json\/wp\/v2\/users\/1"}],"replies":[{"embeddable":true,"href":"https:\/\/kancelariaubezpieczen.eu\/index.php\/wp-json\/wp\/v2\/comments?post=2771"}],"version-history":[{"count":28,"href":"https:\/\/kancelariaubezpieczen.eu\/index.php\/wp-json\/wp\/v2\/pages\/2771\/revisions"}],"predecessor-version":[{"id":3159,"href":"https:\/\/kancelariaubezpieczen.eu\/index.php\/wp-json\/wp\/v2\/pages\/2771\/revisions\/3159"}],"wp:attachment":[{"href":"https:\/\/kancelariaubezpieczen.eu\/index.php\/wp-json\/wp\/v2\/media?parent=2771"}],"curies":[{"name":"wp","href":"https:\/\/api.w.org\/{rel}","templated":true}]}}