{"id":2770,"date":"2016-11-02T20:47:50","date_gmt":"2016-11-02T19:47:50","guid":{"rendered":"http:\/\/localhost:8888\/startright\/?page_id=365"},"modified":"2020-05-14T09:36:21","modified_gmt":"2020-05-14T07:36:21","slug":"oferta","status":"publish","type":"page","link":"https:\/\/kancelariaubezpieczen.eu\/index.php\/oferta\/","title":{"rendered":"Oferta"},"content":{"rendered":"\t\t<div data-elementor-type=\"wp-post\" data-elementor-id=\"2770\" class=\"elementor elementor-2770\">\n\t\t\t\t\t\t<section class=\"has_eae_slider elementor-section elementor-top-section elementor-element elementor-element-d36ba87 elementor-section-stretched elementor-section-boxed elementor-section-height-default elementor-section-height-default\" data-eae-slider=\"38952\" data-id=\"d36ba87\" data-element_type=\"section\" data-settings=\"{&quot;stretch_section&quot;:&quot;section-stretched&quot;}\">\n\t\t\t\t\t\t<div class=\"elementor-container elementor-column-gap-default\">\n\t\t\t\t\t<div class=\"has_eae_slider elementor-column elementor-col-100 elementor-top-column elementor-element elementor-element-2113d96\" data-eae-slider=\"92374\" data-id=\"2113d96\" data-element_type=\"column\">\n\t\t\t<div class=\"elementor-widget-wrap elementor-element-populated\">\n\t\t\t\t\t\t<div class=\"elementor-element elementor-element-bf03de1 premium-atext__switch elementor-widget elementor-widget-premium-addon-fancy-text\" data-id=\"bf03de1\" data-element_type=\"widget\" data-widget_type=\"premium-addon-fancy-text.default\">\n\t\t\t\t<div class=\"elementor-widget-container\">\n\t\t\t\t\t\t\t<div class=\"premium-atext__wrapper premium-atext__slide \" data-start-effect=\"page_load\" data-settings=\"{&quot;effect&quot;:&quot;slide&quot;,&quot;speed&quot;:300,&quot;showItems&quot;:1,&quot;pause&quot;:3000,&quot;mousePause&quot;:false,&quot;loading&quot;:false,&quot;style&quot;:&quot;switch&quot;}\">\n\n\t\t\t<h3 class=\"premium-atext__headline\">\n\t\t\t\t\t\t\t<span class=\"premium-prefix-text\">\n\t\t\t\t\t<span class=\"premium-atext__span-align\">OFERUJ\u0118 UBEZPIECZENIA DLA <br><\/span>\n\t\t\t\t<\/span>\n\t\t\t\n\t\t\t\t\t\t<div class=\"premium-atext__text\" style='display: inline-block; text-align: center'>\n\t\t\t\t<ul class=\"premium-atext__items-wrapper\">\n\t\t\t\t\t\t\t\t\t<li class=\"premium-fancy-list-items premium-fancy-item-visible\">\n\t\t\t\t\t\t\tFIRM\t\t\t\t\t\t<\/li>\n\t\t\t\t\t\t\t\t\t\t\t<li class=\"premium-fancy-list-items premium-fancy-item-visible\">\n\t\t\t\t\t\t\tOS\u00d3B INDYWIDUALNYCH\t\t\t\t\t\t<\/li>\n\t\t\t\t\t\t\t\t\t<\/ul>\n\t\t\t<\/div>\n\t\t\t\n\t\t\t\n\t\t\t\n\t\t\t<\/h3>\n\t\t<\/div>\n\t\t\t\t\t\t<\/div>\n\t\t\t\t<\/div>\n\t\t\t\t\t<\/div>\n\t\t<\/div>\n\t\t\t\t\t<\/div>\n\t\t<\/section>\n\t\t\t\t<section class=\"has_eae_slider elementor-section elementor-top-section elementor-element elementor-element-fe9e7b5 elementor-section-stretched elementor-section-boxed elementor-section-height-default elementor-section-height-default\" data-eae-slider=\"44002\" data-id=\"fe9e7b5\" data-element_type=\"section\" data-settings=\"{&quot;stretch_section&quot;:&quot;section-stretched&quot;}\">\n\t\t\t\t\t\t<div class=\"elementor-container elementor-column-gap-default\">\n\t\t\t\t\t<div class=\"has_eae_slider elementor-column elementor-col-100 elementor-top-column elementor-element elementor-element-9ff264a\" data-eae-slider=\"77448\" data-id=\"9ff264a\" data-element_type=\"column\">\n\t\t\t<div class=\"elementor-widget-wrap elementor-element-populated\">\n\t\t\t\t\t\t<div class=\"elementor-element elementor-element-8ca3457 elementor-arrows-position-inside elementor-pagination-position-outside elementor-widget elementor-widget-image-carousel\" data-id=\"8ca3457\" data-element_type=\"widget\" data-settings=\"{&quot;slides_to_show&quot;:&quot;1&quot;,&quot;navigation&quot;:&quot;both&quot;,&quot;autoplay&quot;:&quot;yes&quot;,&quot;pause_on_hover&quot;:&quot;yes&quot;,&quot;pause_on_interaction&quot;:&quot;yes&quot;,&quot;autoplay_speed&quot;:5000,&quot;infinite&quot;:&quot;yes&quot;,&quot;effect&quot;:&quot;slide&quot;,&quot;speed&quot;:500}\" data-widget_type=\"image-carousel.default\">\n\t\t\t\t<div class=\"elementor-widget-container\">\n\t\t\t\t\t\t\t<div class=\"elementor-image-carousel-wrapper swiper\" role=\"region\" aria-roledescription=\"carousel\" aria-label=\"Karuzela obrazk\u00f3w\" dir=\"ltr\">\n\t\t\t<div class=\"elementor-image-carousel swiper-wrapper\" aria-live=\"off\">\n\t\t\t\t\t\t\t\t<div class=\"swiper-slide\" role=\"group\" aria-roledescription=\"slide\" aria-label=\"1 of 4\"><figure class=\"swiper-slide-inner\"><img decoding=\"async\" class=\"swiper-slide-image\" src=\"https:\/\/kancelariaubezpieczen.eu\/wp-content\/uploads\/2019\/11\/60788374_2710178185720854_4839722114393047040_n.jpg\" alt=\"60788374_2710178185720854_4839722114393047040_n\" \/><\/figure><\/div><div class=\"swiper-slide\" role=\"group\" aria-roledescription=\"slide\" aria-label=\"2 of 4\"><figure class=\"swiper-slide-inner\"><img decoding=\"async\" class=\"swiper-slide-image\" src=\"https:\/\/kancelariaubezpieczen.eu\/wp-content\/uploads\/2019\/11\/59636975_2511369682217801_1301270929141137408_o-1024x692.jpg\" alt=\"59636975_2511369682217801_1301270929141137408_o\" \/><\/figure><\/div><div class=\"swiper-slide\" role=\"group\" aria-roledescription=\"slide\" aria-label=\"3 of 4\"><figure class=\"swiper-slide-inner\"><img decoding=\"async\" class=\"swiper-slide-image\" src=\"https:\/\/kancelariaubezpieczen.eu\/wp-content\/uploads\/2019\/11\/56917763_2623340017738005_8959853369220923392_n.jpg\" alt=\"56917763_2623340017738005_8959853369220923392_n\" \/><\/figure><\/div><div class=\"swiper-slide\" role=\"group\" aria-roledescription=\"slide\" aria-label=\"4 of 4\"><figure class=\"swiper-slide-inner\"><img decoding=\"async\" class=\"swiper-slide-image\" src=\"https:\/\/kancelariaubezpieczen.eu\/wp-content\/uploads\/2019\/11\/56790809_2453586924662744_3172571674449018880_n.jpg\" alt=\"\" \/><\/figure><\/div>\t\t\t<\/div>\n\t\t\t\t\t\t\t\t\t\t\t\t<div class=\"elementor-swiper-button elementor-swiper-button-prev\" role=\"button\" tabindex=\"0\">\n\t\t\t\t\t\t<i aria-hidden=\"true\" class=\"eicon-chevron-left\"><\/i>\t\t\t\t\t<\/div>\n\t\t\t\t\t<div class=\"elementor-swiper-button elementor-swiper-button-next\" role=\"button\" tabindex=\"0\">\n\t\t\t\t\t\t<i aria-hidden=\"true\" class=\"eicon-chevron-right\"><\/i>\t\t\t\t\t<\/div>\n\t\t\t\t\n\t\t\t\t\t\t\t\t\t<div class=\"swiper-pagination\"><\/div>\n\t\t\t\t\t\t\t\t\t<\/div>\n\t\t\t\t\t\t<\/div>\n\t\t\t\t<\/div>\n\t\t\t\t\t<\/div>\n\t\t<\/div>\n\t\t\t\t\t<\/div>\n\t\t<\/section>\n\t\t\t\t<section class=\"has_eae_slider elementor-section elementor-top-section elementor-element elementor-element-bea8e65 elementor-section-stretched elementor-section-boxed elementor-section-height-default elementor-section-height-default\" data-eae-slider=\"63443\" data-id=\"bea8e65\" data-element_type=\"section\" data-settings=\"{&quot;stretch_section&quot;:&quot;section-stretched&quot;}\">\n\t\t\t\t\t\t<div class=\"elementor-container elementor-column-gap-default\">\n\t\t\t\t\t<div class=\"has_eae_slider elementor-column elementor-col-100 elementor-top-column elementor-element elementor-element-ca84f57\" data-eae-slider=\"91986\" data-id=\"ca84f57\" data-element_type=\"column\">\n\t\t\t<div class=\"elementor-widget-wrap elementor-element-populated\">\n\t\t\t\t\t\t<div class=\"elementor-element elementor-element-c1fdf9b elementor-widget elementor-widget-heading\" data-id=\"c1fdf9b\" data-element_type=\"widget\" data-widget_type=\"heading.default\">\n\t\t\t\t<div class=\"elementor-widget-container\">\n\t\t\t\t\t<h2 class=\"elementor-heading-title elementor-size-default\">KA\u017bD\u0104 OFERT\u0118 DOPASOWUJ\u0118 DO PERSONALNYCH POTRZEB!<\/h2>\t\t\t\t<\/div>\n\t\t\t\t<\/div>\n\t\t\t\t<div class=\"elementor-element elementor-element-fbcf2ff elementor-widget elementor-widget-image\" data-id=\"fbcf2ff\" data-element_type=\"widget\" data-widget_type=\"image.default\">\n\t\t\t\t<div class=\"elementor-widget-container\">\n\t\t\t\t\t\t\t\t\t\t\t\t\t\t\t<img fetchpriority=\"high\" decoding=\"async\" width=\"2014\" height=\"1226\" src=\"https:\/\/kancelariaubezpieczen.eu\/wp-content\/uploads\/2019\/11\/51745119_2370388559649248_5847056356653137920_o.jpg\" class=\"attachment-full size-full wp-image-3111\" alt=\"\" srcset=\"https:\/\/kancelariaubezpieczen.eu\/wp-content\/uploads\/2019\/11\/51745119_2370388559649248_5847056356653137920_o.jpg 2014w, https:\/\/kancelariaubezpieczen.eu\/wp-content\/uploads\/2019\/11\/51745119_2370388559649248_5847056356653137920_o-300x183.jpg 300w, https:\/\/kancelariaubezpieczen.eu\/wp-content\/uploads\/2019\/11\/51745119_2370388559649248_5847056356653137920_o-768x468.jpg 768w, https:\/\/kancelariaubezpieczen.eu\/wp-content\/uploads\/2019\/11\/51745119_2370388559649248_5847056356653137920_o-1024x623.jpg 1024w\" sizes=\"(max-width: 2014px) 100vw, 2014px\" \/>\t\t\t\t\t\t\t\t\t\t\t\t\t\t\t<\/div>\n\t\t\t\t<\/div>\n\t\t\t\t\t<\/div>\n\t\t<\/div>\n\t\t\t\t\t<\/div>\n\t\t<\/section>\n\t\t\t\t<section class=\"has_eae_slider elementor-section elementor-top-section elementor-element elementor-element-f921416 elementor-section-stretched elementor-section-full_width elementor-section-height-default elementor-section-height-default\" data-eae-slider=\"32273\" data-id=\"f921416\" data-element_type=\"section\" data-settings=\"{&quot;stretch_section&quot;:&quot;section-stretched&quot;}\">\n\t\t\t\t\t\t<div class=\"elementor-container elementor-column-gap-default\">\n\t\t\t\t\t<div class=\"has_eae_slider elementor-column elementor-col-100 elementor-top-column elementor-element elementor-element-e1c4562\" data-eae-slider=\"89364\" data-id=\"e1c4562\" data-element_type=\"column\">\n\t\t\t<div class=\"elementor-widget-wrap elementor-element-populated\">\n\t\t\t\t\t\t<div class=\"elementor-element elementor-element-7a7679a elementor-widget elementor-widget-image\" data-id=\"7a7679a\" data-element_type=\"widget\" data-widget_type=\"image.default\">\n\t\t\t\t<div class=\"elementor-widget-container\">\n\t\t\t\t\t\t\t\t\t\t\t\t\t\t\t<img decoding=\"async\" width=\"760\" height=\"58\" src=\"https:\/\/kancelariaubezpieczen.eu\/wp-content\/uploads\/2019\/11\/KU-papier-firmowy-stopka-1024x78.jpg\" class=\"attachment-large size-large wp-image-3138\" alt=\"\" srcset=\"https:\/\/kancelariaubezpieczen.eu\/wp-content\/uploads\/2019\/11\/KU-papier-firmowy-stopka-1024x78.jpg 1024w, https:\/\/kancelariaubezpieczen.eu\/wp-content\/uploads\/2019\/11\/KU-papier-firmowy-stopka-300x23.jpg 300w, https:\/\/kancelariaubezpieczen.eu\/wp-content\/uploads\/2019\/11\/KU-papier-firmowy-stopka-768x59.jpg 768w, https:\/\/kancelariaubezpieczen.eu\/wp-content\/uploads\/2019\/11\/KU-papier-firmowy-stopka-e1573559437979.jpg 1920w\" sizes=\"(max-width: 760px) 100vw, 760px\" \/>\t\t\t\t\t\t\t\t\t\t\t\t\t\t\t<\/div>\n\t\t\t\t<\/div>\n\t\t\t\t\t<\/div>\n\t\t<\/div>\n\t\t\t\t\t<\/div>\n\t\t<\/section>\n\t\t\t\t<\/div>\n\t\t","protected":false},"excerpt":{"rendered":"<p>OFERUJ\u0118 UBEZPIECZENIA DLA FIRM OS\u00d3B INDYWIDUALNYCH Previous Next KA\u017bD\u0104 OFERT\u0118 DOPASOWUJ\u0118 DO PERSONALNYCH POTRZEB!<\/p>\n","protected":false},"author":1,"featured_media":0,"parent":0,"menu_order":0,"comment_status":"closed","ping_status":"closed","template":"page-full-width.php","meta":{"footnotes":""},"class_list":["post-2770","page","type-page","status-publish","hentry"],"yoast_head":"<!-- This site is optimized with the Yoast SEO plugin v26.5 - https:\/\/yoast.com\/wordpress\/plugins\/seo\/ -->\n<title>Oferta - Kancelaria Ubezpiecze\u0144 Dominika Gaw\u0142owska<\/title>\n<meta name=\"robots\" content=\"index, follow, max-snippet:-1, max-image-preview:large, max-video-preview:-1\" \/>\n<link rel=\"canonical\" href=\"https:\/\/kancelariaubezpieczen.eu\/index.php\/oferta\/\" \/>\n<meta property=\"og:locale\" content=\"pl_PL\" \/>\n<meta property=\"og:type\" content=\"article\" \/>\n<meta property=\"og:title\" content=\"Oferta - Kancelaria Ubezpiecze\u0144 Dominika Gaw\u0142owska\" \/>\n<meta property=\"og:description\" content=\"OFERUJ\u0118 UBEZPIECZENIA DLA FIRM OS\u00d3B INDYWIDUALNYCH Previous Next KA\u017bD\u0104 OFERT\u0118 DOPASOWUJ\u0118 DO PERSONALNYCH POTRZEB!\" \/>\n<meta property=\"og:url\" content=\"https:\/\/kancelariaubezpieczen.eu\/index.php\/oferta\/\" \/>\n<meta property=\"og:site_name\" content=\"Kancelaria Ubezpiecze\u0144 Dominika Gaw\u0142owska\" \/>\n<meta property=\"article:modified_time\" content=\"2020-05-14T07:36:21+00:00\" \/>\n<meta property=\"og:image\" content=\"https:\/\/kancelariaubezpieczen.eu\/wp-content\/uploads\/2019\/11\/60788374_2710178185720854_4839722114393047040_n.jpg\" \/>\n<meta name=\"twitter:card\" content=\"summary_large_image\" \/>\n<script type=\"application\/ld+json\" class=\"yoast-schema-graph\">{\"@context\":\"https:\/\/schema.org\",\"@graph\":[{\"@type\":\"WebPage\",\"@id\":\"https:\/\/kancelariaubezpieczen.eu\/index.php\/oferta\/\",\"url\":\"https:\/\/kancelariaubezpieczen.eu\/index.php\/oferta\/\",\"name\":\"Oferta - Kancelaria Ubezpiecze\u0144 Dominika Gaw\u0142owska\",\"isPartOf\":{\"@id\":\"https:\/\/kancelariaubezpieczen.eu\/#website\"},\"primaryImageOfPage\":{\"@id\":\"https:\/\/kancelariaubezpieczen.eu\/index.php\/oferta\/#primaryimage\"},\"image\":{\"@id\":\"https:\/\/kancelariaubezpieczen.eu\/index.php\/oferta\/#primaryimage\"},\"thumbnailUrl\":\"https:\/\/kancelariaubezpieczen.eu\/wp-content\/uploads\/2019\/11\/60788374_2710178185720854_4839722114393047040_n.jpg\",\"datePublished\":\"2016-11-02T19:47:50+00:00\",\"dateModified\":\"2020-05-14T07:36:21+00:00\",\"breadcrumb\":{\"@id\":\"https:\/\/kancelariaubezpieczen.eu\/index.php\/oferta\/#breadcrumb\"},\"inLanguage\":\"pl-PL\",\"potentialAction\":[{\"@type\":\"ReadAction\",\"target\":[\"https:\/\/kancelariaubezpieczen.eu\/index.php\/oferta\/\"]}]},{\"@type\":\"ImageObject\",\"inLanguage\":\"pl-PL\",\"@id\":\"https:\/\/kancelariaubezpieczen.eu\/index.php\/oferta\/#primaryimage\",\"url\":\"https:\/\/kancelariaubezpieczen.eu\/wp-content\/uploads\/2019\/11\/60788374_2710178185720854_4839722114393047040_n.jpg\",\"contentUrl\":\"https:\/\/kancelariaubezpieczen.eu\/wp-content\/uploads\/2019\/11\/60788374_2710178185720854_4839722114393047040_n.jpg\",\"width\":960,\"height\":727},{\"@type\":\"BreadcrumbList\",\"@id\":\"https:\/\/kancelariaubezpieczen.eu\/index.php\/oferta\/#breadcrumb\",\"itemListElement\":[{\"@type\":\"ListItem\",\"position\":1,\"name\":\"Strona g\u0142\u00f3wna\",\"item\":\"https:\/\/kancelariaubezpieczen.eu\/\"},{\"@type\":\"ListItem\",\"position\":2,\"name\":\"Oferta\"}]},{\"@type\":\"WebSite\",\"@id\":\"https:\/\/kancelariaubezpieczen.eu\/#website\",\"url\":\"https:\/\/kancelariaubezpieczen.eu\/\",\"name\":\"Kancelaria Ubezpiecze\u0144 Dominika Gaw\u0142owska\",\"description\":\"Ubezpieczenia i kredyty Cieszyn :: \u017bywiec :: Wis\u0142a\",\"publisher\":{\"@id\":\"https:\/\/kancelariaubezpieczen.eu\/#organization\"},\"potentialAction\":[{\"@type\":\"SearchAction\",\"target\":{\"@type\":\"EntryPoint\",\"urlTemplate\":\"https:\/\/kancelariaubezpieczen.eu\/?s={search_term_string}\"},\"query-input\":{\"@type\":\"PropertyValueSpecification\",\"valueRequired\":true,\"valueName\":\"search_term_string\"}}],\"inLanguage\":\"pl-PL\"},{\"@type\":\"Organization\",\"@id\":\"https:\/\/kancelariaubezpieczen.eu\/#organization\",\"name\":\"Kancelaria Ubezpiecze\u0144 Dominika Gaw\u0142owska\",\"url\":\"https:\/\/kancelariaubezpieczen.eu\/\",\"logo\":{\"@type\":\"ImageObject\",\"inLanguage\":\"pl-PL\",\"@id\":\"https:\/\/kancelariaubezpieczen.eu\/#\/schema\/logo\/image\/\",\"url\":\"https:\/\/kancelariaubezpieczen.eu\/wp-content\/uploads\/2019\/05\/kancelaria-ubezpieczen-logo.png\",\"contentUrl\":\"https:\/\/kancelariaubezpieczen.eu\/wp-content\/uploads\/2019\/05\/kancelaria-ubezpieczen-logo.png\",\"width\":369,\"height\":85,\"caption\":\"Kancelaria Ubezpiecze\u0144 Dominika Gaw\u0142owska\"},\"image\":{\"@id\":\"https:\/\/kancelariaubezpieczen.eu\/#\/schema\/logo\/image\/\"}}]}<\/script>\n<!-- \/ Yoast SEO plugin. -->","yoast_head_json":{"title":"Oferta - Kancelaria Ubezpiecze\u0144 Dominika Gaw\u0142owska","robots":{"index":"index","follow":"follow","max-snippet":"max-snippet:-1","max-image-preview":"max-image-preview:large","max-video-preview":"max-video-preview:-1"},"canonical":"https:\/\/kancelariaubezpieczen.eu\/index.php\/oferta\/","og_locale":"pl_PL","og_type":"article","og_title":"Oferta - Kancelaria Ubezpiecze\u0144 Dominika Gaw\u0142owska","og_description":"OFERUJ\u0118 UBEZPIECZENIA DLA FIRM OS\u00d3B INDYWIDUALNYCH Previous Next KA\u017bD\u0104 OFERT\u0118 DOPASOWUJ\u0118 DO PERSONALNYCH POTRZEB!","og_url":"https:\/\/kancelariaubezpieczen.eu\/index.php\/oferta\/","og_site_name":"Kancelaria Ubezpiecze\u0144 Dominika Gaw\u0142owska","article_modified_time":"2020-05-14T07:36:21+00:00","og_image":[{"url":"https:\/\/kancelariaubezpieczen.eu\/wp-content\/uploads\/2019\/11\/60788374_2710178185720854_4839722114393047040_n.jpg","type":"","width":"","height":""}],"twitter_card":"summary_large_image","schema":{"@context":"https:\/\/schema.org","@graph":[{"@type":"WebPage","@id":"https:\/\/kancelariaubezpieczen.eu\/index.php\/oferta\/","url":"https:\/\/kancelariaubezpieczen.eu\/index.php\/oferta\/","name":"Oferta - Kancelaria Ubezpiecze\u0144 Dominika Gaw\u0142owska","isPartOf":{"@id":"https:\/\/kancelariaubezpieczen.eu\/#website"},"primaryImageOfPage":{"@id":"https:\/\/kancelariaubezpieczen.eu\/index.php\/oferta\/#primaryimage"},"image":{"@id":"https:\/\/kancelariaubezpieczen.eu\/index.php\/oferta\/#primaryimage"},"thumbnailUrl":"https:\/\/kancelariaubezpieczen.eu\/wp-content\/uploads\/2019\/11\/60788374_2710178185720854_4839722114393047040_n.jpg","datePublished":"2016-11-02T19:47:50+00:00","dateModified":"2020-05-14T07:36:21+00:00","breadcrumb":{"@id":"https:\/\/kancelariaubezpieczen.eu\/index.php\/oferta\/#breadcrumb"},"inLanguage":"pl-PL","potentialAction":[{"@type":"ReadAction","target":["https:\/\/kancelariaubezpieczen.eu\/index.php\/oferta\/"]}]},{"@type":"ImageObject","inLanguage":"pl-PL","@id":"https:\/\/kancelariaubezpieczen.eu\/index.php\/oferta\/#primaryimage","url":"https:\/\/kancelariaubezpieczen.eu\/wp-content\/uploads\/2019\/11\/60788374_2710178185720854_4839722114393047040_n.jpg","contentUrl":"https:\/\/kancelariaubezpieczen.eu\/wp-content\/uploads\/2019\/11\/60788374_2710178185720854_4839722114393047040_n.jpg","width":960,"height":727},{"@type":"BreadcrumbList","@id":"https:\/\/kancelariaubezpieczen.eu\/index.php\/oferta\/#breadcrumb","itemListElement":[{"@type":"ListItem","position":1,"name":"Strona g\u0142\u00f3wna","item":"https:\/\/kancelariaubezpieczen.eu\/"},{"@type":"ListItem","position":2,"name":"Oferta"}]},{"@type":"WebSite","@id":"https:\/\/kancelariaubezpieczen.eu\/#website","url":"https:\/\/kancelariaubezpieczen.eu\/","name":"Kancelaria Ubezpiecze\u0144 Dominika Gaw\u0142owska","description":"Ubezpieczenia i kredyty Cieszyn :: \u017bywiec :: Wis\u0142a","publisher":{"@id":"https:\/\/kancelariaubezpieczen.eu\/#organization"},"potentialAction":[{"@type":"SearchAction","target":{"@type":"EntryPoint","urlTemplate":"https:\/\/kancelariaubezpieczen.eu\/?s={search_term_string}"},"query-input":{"@type":"PropertyValueSpecification","valueRequired":true,"valueName":"search_term_string"}}],"inLanguage":"pl-PL"},{"@type":"Organization","@id":"https:\/\/kancelariaubezpieczen.eu\/#organization","name":"Kancelaria Ubezpiecze\u0144 Dominika Gaw\u0142owska","url":"https:\/\/kancelariaubezpieczen.eu\/","logo":{"@type":"ImageObject","inLanguage":"pl-PL","@id":"https:\/\/kancelariaubezpieczen.eu\/#\/schema\/logo\/image\/","url":"https:\/\/kancelariaubezpieczen.eu\/wp-content\/uploads\/2019\/05\/kancelaria-ubezpieczen-logo.png","contentUrl":"https:\/\/kancelariaubezpieczen.eu\/wp-content\/uploads\/2019\/05\/kancelaria-ubezpieczen-logo.png","width":369,"height":85,"caption":"Kancelaria Ubezpiecze\u0144 Dominika Gaw\u0142owska"},"image":{"@id":"https:\/\/kancelariaubezpieczen.eu\/#\/schema\/logo\/image\/"}}]}},"_links":{"self":[{"href":"https:\/\/kancelariaubezpieczen.eu\/index.php\/wp-json\/wp\/v2\/pages\/2770","targetHints":{"allow":["GET"]}}],"collection":[{"href":"https:\/\/kancelariaubezpieczen.eu\/index.php\/wp-json\/wp\/v2\/pages"}],"about":[{"href":"https:\/\/kancelariaubezpieczen.eu\/index.php\/wp-json\/wp\/v2\/types\/page"}],"author":[{"embeddable":true,"href":"https:\/\/kancelariaubezpieczen.eu\/index.php\/wp-json\/wp\/v2\/users\/1"}],"replies":[{"embeddable":true,"href":"https:\/\/kancelariaubezpieczen.eu\/index.php\/wp-json\/wp\/v2\/comments?post=2770"}],"version-history":[{"count":82,"href":"https:\/\/kancelariaubezpieczen.eu\/index.php\/wp-json\/wp\/v2\/pages\/2770\/revisions"}],"predecessor-version":[{"id":3165,"href":"https:\/\/kancelariaubezpieczen.eu\/index.php\/wp-json\/wp\/v2\/pages\/2770\/revisions\/3165"}],"wp:attachment":[{"href":"https:\/\/kancelariaubezpieczen.eu\/index.php\/wp-json\/wp\/v2\/media?parent=2770"}],"curies":[{"name":"wp","href":"https:\/\/api.w.org\/{rel}","templated":true}]}}